{"id":46,"date":"2021-05-05T09:09:14","date_gmt":"2021-05-05T09:09:14","guid":{"rendered":"https:\/\/workshop-nis.inesctec.pt\/?page_id=46"},"modified":"2021-07-14T12:22:56","modified_gmt":"2021-07-14T12:22:56","slug":"program","status":"publish","type":"page","link":"https:\/\/workshop-nis.inesctec.pt\/?page_id=46","title":{"rendered":"Program"},"content":{"rendered":"\n<p>The NIS Workshop will for the first time feature both senior and junior members, presenting the most exciting research we have in our cluster. The workshop will take place in the morning and afternoon, divided into the <strong>four NIS research lines (RLs)<\/strong>. <\/p>\n\n\n\n<p>    <\/p>\n\n\n\n<p>Note that the following program is tentative and subject to change. More details will be added to this page when possible.<\/p>\n\n\n\n<p>   <br>    <\/p>\n\n\n\n<p><strong><em>09:00-09:10<\/em><\/strong> &#8211; Opening Ceremony &#8211; Jo\u00e3o Claro<\/p>\n\n\n\n<p><strong><em>09:10-09:20<\/em><\/strong> &#8211; NIS overview &#8211; An\u00edbal Matos<\/p>\n\n\n\n<p><strong><em>09:20-09:35<\/em><\/strong> &#8211; NIS Sensing RL Scientific&nbsp;Overview &#8211; Paulo Marques<\/p>\n\n\n\n<p><strong><em>09:35-10:05<\/em><\/strong> &#8211; NIS Sensing RL PhD Student Presentations: <\/p>\n\n\n\n<p>           Tiago Ferreira \u2013 &#8220;Optical Analogues in Nematic Liquid Crystals&#8221;<br>           Jo\u00e3o Maia \u2013 &#8220;Monolithic Silica Whispering Gallery Mode Resonator Fabricated by Femtosecond Laser Micromachining&#8221;<br>         <em>  <\/em>Miguel Ferreira  \u2013 &#8220;Study of Fiber Laser in Laser-induced Breakdown Spectroscopy&#8221;<br>           Elodie Lopes \u2013 &#8220;Video EEG and Percept<sup>TM<\/sup> PC Deep Brain Neurostimulator Fine-Grained Synchronization for Multimodal Neurodata Analysis&#8221;<\/p>\n\n\n\n<p><strong><em>10:05-10.35<\/em><\/strong> &#8211; NIS Sensing RL Discussion (<em>moderator: <\/em>Pedro Jorge)<\/p>\n\n\n\n<p class=\"has-text-align-center\"><em><strong>10:35-10:45 &#8211; Coffee break<\/strong><\/em><\/p>\n\n\n\n<p><strong><em>10:45-11:00<\/em><\/strong> &#8211; NIS Communications RL Scientific&nbsp;Overview &#8211; Lu\u00eds Pessoa<\/p>\n\n\n\n<p><strong><em>11:00-11:30<\/em><\/strong> &#8211; NIS Communications RL PhD Student Presentations:<\/p>\n\n\n\n<p>          <em> <\/em>Tiago Costa \u2013 &#8220;Delivering Seamless Content Adaptation Through Intelligent View Prediction&#8221;<br>           Joana Tavares \u2013 &#8220;Phase-conjugated Twin Waves for MDM Systems&#8221;<br>        <em>   <\/em>Bilal Hussain \u2013 &#8220;5G Antennas on Flexible Substrate Using Sierpinski Fractals&#8221;<br>           Andr\u00e9 Coelho \u2013 &#8220;Traffic-aware Gateway Placement in Flying Networks&#8221;<\/p>\n\n\n\n<p><strong><em>11:30-12.00<\/em><\/strong> &#8211; NIS Communications RL Discussion (<em>moderator: <\/em>H\u00e9lder Fontes)<\/p>\n\n\n\n<p class=\"has-text-align-center\"><strong><em>12:00-14:00 &#8211; Lunch break<\/em><\/strong><\/p>\n\n\n\n<p><strong><em>14:00-14:15<\/em><\/strong> &#8211; NIS Computer Vision RL Scientific&nbsp;Overview &#8211; H\u00e9lder Oliveira<\/p>\n\n\n\n<p><strong><em>14:15-14:45<\/em><\/strong> &#8211; NIS Computer Vision RL PhD Student presentations: <\/p>\n\n\n\n<p>    <em> <\/em>Mohsen Saffari \u2013 &#8220;Maximum Relevance Minimum Redundancy Dropout with Informative Kernel Determinantal Point Process&#8221;<br>           T\u00e2nia Melo \u2013 &#8220;Medical Image Synthesis through Deep Generative Models&#8221;<br>          <em> <\/em>Jo\u00e3o Teixeira \u2013 &#8220;Effects of GAN Augmentation on Breast MRI Segmentation&#8221;<br>           Jo\u00e3o Pinto \u2013 &#8220;The Secure Triplet Loss: A Unifying Framework for Biometric Security&#8221;<\/p>\n\n\n\n<p><strong><em>14:45-15.15<\/em><\/strong> &#8211; NIS Computer Vision RL Discussion (<em>moderator<\/em>: Aur\u00e9lio Campilho)<\/p>\n\n\n\n<p class=\"has-text-align-center\"><strong><em>15:15-15:25 &#8211; Coffee break<\/em><\/strong><\/p>\n\n\n\n<p><strong><em>15:25-15:40<\/em><\/strong> &#8211; NIS Autonomous Systems RL Scientific&nbsp;Overview &#8211; An\u00edbal Matos<\/p>\n\n\n\n<p><strong><em>15:40-16:10<\/em><\/strong> &#8211; NIS Autonomous Systems RL PhD Student Presentations: <\/p>\n\n\n\n<p>    <em> <\/em>      Alexandra Nunes \u2013 &#8220;Mapping from 2D Sonar Data&#8221;<br>           Ana Gaspar \u2013 &#8220;Evaluation of Bags of Binary Words for Place Recognition in Underwater Environment&#8221;<br>   <em>        <\/em>Ant\u00f3nio Ferreira \u2013 &#8220;Underwater Sonar Scan Matching&#8221;<br>           Vitor Minhoto \u2013 &#8220;Man-Machine Symbiosis: A proof of concept&#8221;<\/p>\n\n\n\n<p><strong><em>16:10-16:40<\/em><\/strong> &#8211; NIS Autonomous Systems RL Discussion (<em>moderator<\/em>: Andr\u00e9 Dias)<\/p>\n\n\n\n<p><strong><em>16:40-17:40<\/em><\/strong> &#8211; Remarks for the Future <\/p>\n\n\n\n<p>           Duarte Dias &#8211; &#8220;Edge-Inteligence at NIS &#8211; Exploring strategic synergies to pursuit a common research line&#8221;<\/p>\n\n\n\n<p>           Roundtable &#8211; Am\u00e9rico Azevedo, Ana Filipa Sequeira, Jo\u00e3o Paulo Cunha, Jos\u00e9 Almeida, Pedro Jorge, Rui Campos, V\u00edtor Tavares<\/p>\n\n\n\n<p><strong><em>17:<\/em>50<\/strong> &#8211; Best PhD Student Awards and Closing Ceremony &#8211; Jos\u00e9 Manuel Mendon\u00e7a<\/p>\n\n\n\n<p>    <\/p>\n\n\n\n<p>   <\/p>\n","protected":false},"excerpt":{"rendered":"<p>The NIS Workshop will for the first time feature both senior and junior members, presenting the most exciting research we have in our cluster. The workshop will take place in the morning and afternoon, divided into the four NIS research lines (RLs). Note that the following program is tentative and subject to change. More details &hellip; <\/p>\n","protected":false},"author":2,"featured_media":0,"parent":0,"menu_order":0,"comment_status":"closed","ping_status":"closed","template":"","meta":{"footnotes":""},"class_list":["post-46","page","type-page","status-publish","hentry"],"_links":{"self":[{"href":"https:\/\/workshop-nis.inesctec.pt\/index.php?rest_route=\/wp\/v2\/pages\/46","targetHints":{"allow":["GET"]}}],"collection":[{"href":"https:\/\/workshop-nis.inesctec.pt\/index.php?rest_route=\/wp\/v2\/pages"}],"about":[{"href":"https:\/\/workshop-nis.inesctec.pt\/index.php?rest_route=\/wp\/v2\/types\/page"}],"author":[{"embeddable":true,"href":"https:\/\/workshop-nis.inesctec.pt\/index.php?rest_route=\/wp\/v2\/users\/2"}],"replies":[{"embeddable":true,"href":"https:\/\/workshop-nis.inesctec.pt\/index.php?rest_route=%2Fwp%2Fv2%2Fcomments&post=46"}],"version-history":[{"count":30,"href":"https:\/\/workshop-nis.inesctec.pt\/index.php?rest_route=\/wp\/v2\/pages\/46\/revisions"}],"predecessor-version":[{"id":307,"href":"https:\/\/workshop-nis.inesctec.pt\/index.php?rest_route=\/wp\/v2\/pages\/46\/revisions\/307"}],"wp:attachment":[{"href":"https:\/\/workshop-nis.inesctec.pt\/index.php?rest_route=%2Fwp%2Fv2%2Fmedia&parent=46"}],"curies":[{"name":"wp","href":"https:\/\/api.w.org\/{rel}","templated":true}]}}